{"id":671,"date":"2020-10-19T14:44:36","date_gmt":"2020-10-19T12:44:36","guid":{"rendered":"https:\/\/www.kommunikationsraum.at\/?page_id=671"},"modified":"2022-06-27T15:15:17","modified_gmt":"2022-06-27T13:15:17","slug":"research","status":"publish","type":"page","link":"https:\/\/www.kommunikationsraum.at\/en\/ideal-world\/research\/","title":{"rendered":"Research"},"content":{"rendered":"\t\t<div data-elementor-type=\"wp-page\" data-elementor-id=\"671\" class=\"elementor elementor-671 elementor-69\">\n\t\t\t\t\t\t<div class=\"elementor-inner\">\n\t\t\t\t<div class=\"elementor-section-wrap\">\n\t\t\t\t\t\t\t\t\t<section class=\"elementor-section elementor-top-section elementor-element elementor-element-b74f0c1 elementor-section-full_width elementor-section-height-default elementor-section-height-default\" data-id=\"b74f0c1\" data-element_type=\"section\">\n\t\t\t\t\t\t<div class=\"elementor-container elementor-column-gap-no\">\n\t\t\t\t\t\t\t<div class=\"elementor-row\">\n\t\t\t\t\t<aside class=\"elementor-column elementor-col-33 elementor-top-column elementor-element elementor-element-1bced66\" data-id=\"1bced66\" data-element_type=\"column\">\n\t\t\t<div class=\"elementor-column-wrap elementor-element-populated\">\n\t\t\t\t\t\t\t<div class=\"elementor-widget-wrap\">\n\t\t\t\t\t\t<div class=\"elementor-element elementor-element-dce782e elementor-hidden-desktop elementor-hidden-tablet elementor-widget elementor-widget-image\" data-id=\"dce782e\" data-element_type=\"widget\" data-widget_type=\"image.default\">\n\t\t\t\t<div class=\"elementor-widget-container\">\n\t\t\t\t\t\t\t\t<div class=\"elementor-image\">\n\t\t\t\t\t\t\t\t\t\t\t\t\t<a href=\"https:\/\/www.kommunikationsraum.at\/ideal-world\/\">\n\t\t\t\t\t\t\t<img loading=\"lazy\" decoding=\"async\" width=\"1000\" height=\"750\" src=\"https:\/\/www.kommunikationsraum.at\/wp-content\/uploads\/2021\/02\/ideal-world-500-x375.png\" class=\"attachment-full size-full wp-image-1186\" alt=\"\" srcset=\"https:\/\/www.kommunikationsraum.at\/wp-content\/uploads\/2021\/02\/ideal-world-500-x375.png 1000w, https:\/\/www.kommunikationsraum.at\/wp-content\/uploads\/2021\/02\/ideal-world-500-x375-300x225.png 300w, https:\/\/www.kommunikationsraum.at\/wp-content\/uploads\/2021\/02\/ideal-world-500-x375-768x576.png 768w\" sizes=\"auto, (max-width: 1000px) 100vw, 1000px\" \/>\t\t\t\t\t\t\t\t<\/a>\n\t\t\t\t\t\t\t\t\t\t\t\t\t\t<\/div>\n\t\t\t\t\t\t<\/div>\n\t\t\t\t<\/div>\n\t\t\t\t<div class=\"elementor-element elementor-element-0ca6ed9 elementor-widget elementor-widget-image\" data-id=\"0ca6ed9\" data-element_type=\"widget\" data-widget_type=\"image.default\">\n\t\t\t\t<div class=\"elementor-widget-container\">\n\t\t\t\t\t\t\t\t<div class=\"elementor-image\">\n\t\t\t\t\t\t\t\t\t\t\t\t<img loading=\"lazy\" decoding=\"async\" width=\"800\" height=\"600\" src=\"https:\/\/www.kommunikationsraum.at\/wp-content\/uploads\/2022\/04\/research-800x600-1.jpg\" class=\"attachment-full size-full wp-image-6552\" alt=\"\" srcset=\"https:\/\/www.kommunikationsraum.at\/wp-content\/uploads\/2022\/04\/research-800x600-1.jpg 800w, https:\/\/www.kommunikationsraum.at\/wp-content\/uploads\/2022\/04\/research-800x600-1-300x225.jpg 300w, https:\/\/www.kommunikationsraum.at\/wp-content\/uploads\/2022\/04\/research-800x600-1-768x576.jpg 768w\" sizes=\"auto, (max-width: 800px) 100vw, 800px\" \/>\t\t\t\t\t\t\t\t\t\t\t\t\t\t<\/div>\n\t\t\t\t\t\t<\/div>\n\t\t\t\t<\/div>\n\t\t\t\t\t\t<\/div>\n\t\t\t\t\t<\/div>\n\t\t<\/aside>\n\t\t\t\t<article class=\"elementor-column elementor-col-33 elementor-top-column elementor-element elementor-element-1e2ddb9\" data-id=\"1e2ddb9\" data-element_type=\"column\">\n\t\t\t<div class=\"elementor-column-wrap elementor-element-populated\">\n\t\t\t\t\t\t\t<div class=\"elementor-widget-wrap\">\n\t\t\t\t\t\t<div class=\"elementor-element elementor-element-08ec503 subpage elementor-widget elementor-widget-text-editor\" data-id=\"08ec503\" data-element_type=\"widget\" data-widget_type=\"text-editor.default\">\n\t\t\t\t<div class=\"elementor-widget-container\">\n\t\t\t\t\t\t\t\t<div class=\"elementor-text-editor elementor-clearfix\">\n\t\t\t\t<h1>Research<\/h1>\t\t\t\t\t<\/div>\n\t\t\t\t\t\t<\/div>\n\t\t\t\t<\/div>\n\t\t\t\t<div class=\"elementor-element elementor-element-f7a78bc no-hl-mb elementor-widget elementor-widget-text-editor\" data-id=\"f7a78bc\" data-element_type=\"widget\" data-widget_type=\"text-editor.default\">\n\t\t\t\t<div class=\"elementor-widget-container\">\n\t\t\t\t\t\t\t\t<div class=\"elementor-text-editor elementor-clearfix\">\n\t\t\t\t<h2>Standing on the shoulders of Giants.<\/h2>\t\t\t\t\t<\/div>\n\t\t\t\t\t\t<\/div>\n\t\t\t\t<\/div>\n\t\t\t\t\t\t<\/div>\n\t\t\t\t\t<\/div>\n\t\t<\/article>\n\t\t\t\t<aside class=\"elementor-column elementor-col-33 elementor-top-column elementor-element elementor-element-89c66ae elementor-hidden-phone\" data-id=\"89c66ae\" data-element_type=\"column\">\n\t\t\t<div class=\"elementor-column-wrap elementor-element-populated\">\n\t\t\t\t\t\t\t<div class=\"elementor-widget-wrap\">\n\t\t\t\t\t\t<div class=\"elementor-element elementor-element-a2b459b elementor-widget elementor-widget-image\" data-id=\"a2b459b\" data-element_type=\"widget\" data-widget_type=\"image.default\">\n\t\t\t\t<div class=\"elementor-widget-container\">\n\t\t\t\t\t\t\t\t<div class=\"elementor-image\">\n\t\t\t\t\t\t\t\t\t\t\t\t\t<a href=\"https:\/\/www.kommunikationsraum.at\/ideal-world\/\">\n\t\t\t\t\t\t\t<img loading=\"lazy\" decoding=\"async\" width=\"1000\" height=\"750\" src=\"https:\/\/www.kommunikationsraum.at\/wp-content\/uploads\/2021\/02\/ideal-world-500-x375.png\" class=\"attachment-full size-full wp-image-1186\" alt=\"\" srcset=\"https:\/\/www.kommunikationsraum.at\/wp-content\/uploads\/2021\/02\/ideal-world-500-x375.png 1000w, https:\/\/www.kommunikationsraum.at\/wp-content\/uploads\/2021\/02\/ideal-world-500-x375-300x225.png 300w, https:\/\/www.kommunikationsraum.at\/wp-content\/uploads\/2021\/02\/ideal-world-500-x375-768x576.png 768w\" sizes=\"auto, (max-width: 1000px) 100vw, 1000px\" \/>\t\t\t\t\t\t\t\t<\/a>\n\t\t\t\t\t\t\t\t\t\t\t\t\t\t<\/div>\n\t\t\t\t\t\t<\/div>\n\t\t\t\t<\/div>\n\t\t\t\t\t\t<\/div>\n\t\t\t\t\t<\/div>\n\t\t<\/aside>\n\t\t\t\t\t\t\t\t<\/div>\n\t\t\t\t\t<\/div>\n\t\t<\/section>\n\t\t\t\t<section class=\"elementor-section elementor-top-section elementor-element elementor-element-df906b1 elementor-section-full_width elementor-section-height-default elementor-section-height-default\" data-id=\"df906b1\" data-element_type=\"section\">\n\t\t\t\t\t\t<div class=\"elementor-container elementor-column-gap-no\">\n\t\t\t\t\t\t\t<div class=\"elementor-row\">\n\t\t\t\t\t<aside class=\"elementor-column elementor-col-33 elementor-top-column elementor-element elementor-element-ec7e878\" data-id=\"ec7e878\" data-element_type=\"column\">\n\t\t\t<div class=\"elementor-column-wrap\">\n\t\t\t\t\t\t\t<div class=\"elementor-widget-wrap\">\n\t\t\t\t\t\t\t\t<\/div>\n\t\t\t\t\t<\/div>\n\t\t<\/aside>\n\t\t\t\t<article class=\"elementor-column elementor-col-33 elementor-top-column elementor-element elementor-element-8eeb517\" data-id=\"8eeb517\" data-element_type=\"column\">\n\t\t\t<div class=\"elementor-column-wrap elementor-element-populated\">\n\t\t\t\t\t\t\t<div class=\"elementor-widget-wrap\">\n\t\t\t\t\t\t<div class=\"elementor-element elementor-element-e8963dc elementor-widget elementor-widget-text-editor\" data-id=\"e8963dc\" data-element_type=\"widget\" data-widget_type=\"text-editor.default\">\n\t\t\t\t<div class=\"elementor-widget-container\">\n\t\t\t\t\t\t\t\t<div class=\"elementor-text-editor elementor-clearfix\">\n\t\t\t\t<p>Analysen, Forschung, Insights und Empirie unterst\u00fctzen dabei mit den rasanten Fortschritten in unseren Fachgebieten Schritt zu halten und unsere eigenen Ans\u00e4tze und Zug\u00e4nge immer wieder zu reflektieren, neu zu entdecken oder auch zu best\u00e4tigen.<\/p>\t\t\t\t\t<\/div>\n\t\t\t\t\t\t<\/div>\n\t\t\t\t<\/div>\n\t\t\t\t<div class=\"elementor-element elementor-element-6df0d9d subpage, no-hl-mb  elementor-widget elementor-widget-text-editor\" data-id=\"6df0d9d\" data-element_type=\"widget\" data-widget_type=\"text-editor.default\">\n\t\t\t\t<div class=\"elementor-widget-container\">\n\t\t\t\t\t\t\t\t<div class=\"elementor-text-editor elementor-clearfix\">\n\t\t\t\t<h5><strong>Leadership in the Age of Technologically Assisted Decision Making<\/strong><\/h5><p>K\u00fcnstliche Intelligenz ver\u00e4ndert unsere Arbeitswelt nachhaltig: Die Digitalisierung und Automatisierung von Prozessen durch K\u00fcnstliche Intelligenz er\u00f6ffnet attraktive Opportunit\u00e4ten f\u00fcr Unternehmen; die Implikationen f\u00fcr M\u00e4rkte, Konsument*innen und die Gesellschaft sind immens. Allerdings wissen nur wenige Expert*innen, was genau k\u00fcnstliche Intelligenz, Algorithmen und Automatisierung sind. Und: Was bleibt vom Entscheidungsfreiraum von F\u00fchrungskr\u00e4ften, wenn KI-Systeme die Welt besser und genauer interpretieren k\u00f6nnen als der Mensch?<\/p><p>Im Rahmen einer Befragung von 500 Entscheidungstr\u00e4ger*innen durch Kienbaum und ada gibt\u2019s dazu spannende Erkenntnisse.<\/p><p><a href=\"https:\/\/www.kommunikationsraum.at\/wp-content\/uploads\/2022\/04\/KienbaumAIandLeadershipStudy2022Kienbaum_ada_D.pdf\" target=\"_blank\" rel=\"noopener\">(PDF)<\/a><\/p>\t\t\t\t\t<\/div>\n\t\t\t\t\t\t<\/div>\n\t\t\t\t<\/div>\n\t\t\t\t<div class=\"elementor-element elementor-element-68fde8d subpage, no-hl-mb  elementor-widget elementor-widget-text-editor\" data-id=\"68fde8d\" data-element_type=\"widget\" data-widget_type=\"text-editor.default\">\n\t\t\t\t<div class=\"elementor-widget-container\">\n\t\t\t\t\t\t\t\t<div class=\"elementor-text-editor elementor-clearfix\">\n\t\t\t\t<h5><strong>24. CEO Survey von PwC<\/strong><\/h5><p>\u00d6sterreichische CEOs so optimistisch wie nie zuvor: Die aktuelle Global CEO Survey von PwC l\u00e4sst positiv nach vorne blicken. Allerdings, warum sind gerade \u00f6sterreichische Spitzenmanager so zur\u00fcckhaltend, wenn es um Investitionen in Nachhaltigkeit geht?<\/p><p><a href=\"https:\/\/www.kommunikationsraum.at\/wp-content\/uploads\/2021\/04\/pwc-ceo-survey-2021.pdf\" target=\"_blank\" rel=\"noopener\">(PDF)<\/a><\/p>\t\t\t\t\t<\/div>\n\t\t\t\t\t\t<\/div>\n\t\t\t\t<\/div>\n\t\t\t\t<div class=\"elementor-element elementor-element-9e09ce6 subpage, no-hl-mb elementor-widget elementor-widget-text-editor\" data-id=\"9e09ce6\" data-element_type=\"widget\" data-widget_type=\"text-editor.default\">\n\t\t\t\t<div class=\"elementor-widget-container\">\n\t\t\t\t\t\t\t\t<div class=\"elementor-text-editor elementor-clearfix\">\n\t\t\t\t<h5><strong>Pandemie und Home-Office: What\u2019s next?<\/strong><\/h5><p>Now, well into the pandemic, the limitations and the benefits of remote work are clearer: An analysis of 2,000 tasks, 800 jobs, and nine countries, McKinsey Global Institute<\/p><p><a href=\"https:\/\/www.mckinsey.com\/featured-insights\/future-of-work\/whats-next-for-remote-work-an-analysis-of-2000-tasks-800-jobs-and-nine-countries\" target=\"_blank\" rel=\"noopener\">Zur Studie<\/a><\/p>\t\t\t\t\t<\/div>\n\t\t\t\t\t\t<\/div>\n\t\t\t\t<\/div>\n\t\t\t\t<div class=\"elementor-element elementor-element-5326a26 subpage, no-hl-mb  elementor-widget elementor-widget-text-editor\" data-id=\"5326a26\" data-element_type=\"widget\" data-widget_type=\"text-editor.default\">\n\t\t\t\t<div class=\"elementor-widget-container\">\n\t\t\t\t\t\t\t\t<div class=\"elementor-text-editor elementor-clearfix\">\n\t\t\t\t<h5><strong>Das neue Retro?<\/strong><\/h5><p>\u00d6sterreich nach der Corona-Krise \u2013 wie sich unser Land ver\u00e4ndern wird.<\/p><p><a href=\"https:\/\/www.kommunikationsraum.at\/wp-content\/uploads\/2020\/11\/das_neue_retro.pdf\" target=\"_blank\" rel=\"noopener\">(PDF)<\/a><\/p>\t\t\t\t\t<\/div>\n\t\t\t\t\t\t<\/div>\n\t\t\t\t<\/div>\n\t\t\t\t\t\t<\/div>\n\t\t\t\t\t<\/div>\n\t\t<\/article>\n\t\t\t\t<aside class=\"elementor-column elementor-col-33 elementor-top-column elementor-element elementor-element-8c5eaa4\" data-id=\"8c5eaa4\" data-element_type=\"column\">\n\t\t\t<div class=\"elementor-column-wrap elementor-element-populated\">\n\t\t\t\t\t\t\t<div class=\"elementor-widget-wrap\">\n\t\t\t\t\t\t<div class=\"elementor-element elementor-element-54355f1 subpage, no-hl-mb  elementor-widget elementor-widget-text-editor\" data-id=\"54355f1\" data-element_type=\"widget\" data-widget_type=\"text-editor.default\">\n\t\t\t\t<div class=\"elementor-widget-container\">\n\t\t\t\t\t\t\t\t<div class=\"elementor-text-editor elementor-clearfix\">\n\t\t\t\t<p><strong>Edelman Trust Barometer 2021<\/strong><\/p><p><a href=\"https:\/\/www.kommunikationsraum.at\/wp-content\/uploads\/2021\/04\/2021-edelman-trust-barometer.pdf\" target=\"_blank\" rel=\"noopener\">(PDF)<\/a><\/p>\t\t\t\t\t<\/div>\n\t\t\t\t\t\t<\/div>\n\t\t\t\t<\/div>\n\t\t\t\t<div class=\"elementor-element elementor-element-a6a35b4 subpage, no-hl-mb  elementor-widget elementor-widget-text-editor\" data-id=\"a6a35b4\" data-element_type=\"widget\" data-widget_type=\"text-editor.default\">\n\t\t\t\t<div class=\"elementor-widget-container\">\n\t\t\t\t\t\t\t\t<div class=\"elementor-text-editor elementor-clearfix\">\n\t\t\t\t<p><strong>Embracing Reinvention, MIT Sloan Management Review<\/strong><\/p><p><a href=\"https:\/\/www.kommunikationsraum.at\/wp-content\/uploads\/2021\/04\/Going-Digital_Howtoembracechange.pdf\" target=\"_blank\" rel=\"noopener\">(PDF)<\/a><\/p>\t\t\t\t\t<\/div>\n\t\t\t\t\t\t<\/div>\n\t\t\t\t<\/div>\n\t\t\t\t\t\t<\/div>\n\t\t\t\t\t<\/div>\n\t\t<\/aside>\n\t\t\t\t\t\t\t\t<\/div>\n\t\t\t\t\t<\/div>\n\t\t<\/section>\n\t\t\t\t\t\t\t\t\t<\/div>\n\t\t\t<\/div>\n\t\t\t\t\t<\/div>\n\t\t","protected":false},"excerpt":{"rendered":"<p>Research Standing on the shoulders of Giants. Analysen, Forschung, Insights und Empirie unterst\u00fctzen dabei mit den rasanten Fortschritten in unseren Fachgebieten Schritt zu halten und unsere eigenen Ans\u00e4tze und Zug\u00e4nge immer wieder zu reflektieren, neu zu entdecken oder auch zu best\u00e4tigen. Leadership in the Age of Technologically Assisted Decision Making K\u00fcnstliche Intelligenz ver\u00e4ndert unsere Arbeitswelt [&hellip;]<\/p>\n","protected":false},"author":1,"featured_media":0,"parent":135,"menu_order":0,"comment_status":"closed","ping_status":"closed","template":"","meta":{"footnotes":""},"class_list":["post-671","page","type-page","status-publish","hentry"],"yoast_head":"<!-- This site is optimized with the Yoast SEO plugin v27.2 - https:\/\/yoast.com\/product\/yoast-seo-wordpress\/ -->\n<title>Research - Kommunikationsraum<\/title>\n<meta name=\"robots\" content=\"index, follow, max-snippet:-1, max-image-preview:large, max-video-preview:-1\" \/>\n<link rel=\"canonical\" href=\"https:\/\/www.kommunikationsraum.at\/en\/ideal-world\/research\/\" \/>\n<meta property=\"og:locale\" content=\"en_US\" \/>\n<meta property=\"og:type\" content=\"article\" \/>\n<meta property=\"og:title\" content=\"Research - Kommunikationsraum\" \/>\n<meta property=\"og:description\" content=\"Research Standing on the shoulders of Giants. Analysen, Forschung, Insights und Empirie unterst\u00fctzen dabei mit den rasanten Fortschritten in unseren Fachgebieten Schritt zu halten und unsere eigenen Ans\u00e4tze und Zug\u00e4nge immer wieder zu reflektieren, neu zu entdecken oder auch zu best\u00e4tigen. Leadership in the Age of Technologically Assisted Decision Making K\u00fcnstliche Intelligenz ver\u00e4ndert unsere Arbeitswelt [&hellip;]\" \/>\n<meta property=\"og:url\" content=\"https:\/\/www.kommunikationsraum.at\/en\/ideal-world\/research\/\" \/>\n<meta property=\"og:site_name\" content=\"Kommunikationsraum\" \/>\n<meta property=\"article:publisher\" content=\"https:\/\/www.facebook.com\/kommunikationsraumwien\/\" \/>\n<meta property=\"article:modified_time\" content=\"2022-06-27T13:15:17+00:00\" \/>\n<meta property=\"og:image\" content=\"https:\/\/www.kommunikationsraum.at\/wp-content\/uploads\/2021\/02\/ideal-world-500-x375.png\" \/>\n<meta name=\"twitter:card\" content=\"summary_large_image\" \/>\n<meta name=\"twitter:site\" content=\"@kr_hinterland\" \/>\n<script type=\"application\/ld+json\" class=\"yoast-schema-graph\">{\"@context\":\"https:\/\/schema.org\",\"@graph\":[{\"@type\":\"WebPage\",\"@id\":\"https:\/\/www.kommunikationsraum.at\/en\/ideal-world\/research\/\",\"url\":\"https:\/\/www.kommunikationsraum.at\/en\/ideal-world\/research\/\",\"name\":\"Research - Kommunikationsraum\",\"isPartOf\":{\"@id\":\"https:\/\/www.kommunikationsraum.at\/en\/#website\"},\"primaryImageOfPage\":{\"@id\":\"https:\/\/www.kommunikationsraum.at\/en\/ideal-world\/research\/#primaryimage\"},\"image\":{\"@id\":\"https:\/\/www.kommunikationsraum.at\/en\/ideal-world\/research\/#primaryimage\"},\"thumbnailUrl\":\"https:\/\/www.kommunikationsraum.at\/wp-content\/uploads\/2021\/02\/ideal-world-500-x375.png\",\"datePublished\":\"2020-10-19T12:44:36+00:00\",\"dateModified\":\"2022-06-27T13:15:17+00:00\",\"breadcrumb\":{\"@id\":\"https:\/\/www.kommunikationsraum.at\/en\/ideal-world\/research\/#breadcrumb\"},\"inLanguage\":\"en-US\",\"potentialAction\":[{\"@type\":\"ReadAction\",\"target\":[\"https:\/\/www.kommunikationsraum.at\/en\/ideal-world\/research\/\"]}]},{\"@type\":\"ImageObject\",\"inLanguage\":\"en-US\",\"@id\":\"https:\/\/www.kommunikationsraum.at\/en\/ideal-world\/research\/#primaryimage\",\"url\":\"https:\/\/www.kommunikationsraum.at\/wp-content\/uploads\/2021\/02\/ideal-world-500-x375.png\",\"contentUrl\":\"https:\/\/www.kommunikationsraum.at\/wp-content\/uploads\/2021\/02\/ideal-world-500-x375.png\"},{\"@type\":\"BreadcrumbList\",\"@id\":\"https:\/\/www.kommunikationsraum.at\/en\/ideal-world\/research\/#breadcrumb\",\"itemListElement\":[{\"@type\":\"ListItem\",\"position\":1,\"name\":\"Start\",\"item\":\"https:\/\/www.kommunikationsraum.at\/en\/\"},{\"@type\":\"ListItem\",\"position\":2,\"name\":\"Our Thinking\",\"item\":\"https:\/\/www.kommunikationsraum.at\/en\/ideal-world\/\"},{\"@type\":\"ListItem\",\"position\":3,\"name\":\"Research\"}]},{\"@type\":\"WebSite\",\"@id\":\"https:\/\/www.kommunikationsraum.at\/en\/#website\",\"url\":\"https:\/\/www.kommunikationsraum.at\/en\/\",\"name\":\"Kommunikationsraum\",\"description\":\"Kommunikation neu denken\",\"potentialAction\":[{\"@type\":\"SearchAction\",\"target\":{\"@type\":\"EntryPoint\",\"urlTemplate\":\"https:\/\/www.kommunikationsraum.at\/en\/?s={search_term_string}\"},\"query-input\":{\"@type\":\"PropertyValueSpecification\",\"valueRequired\":true,\"valueName\":\"search_term_string\"}}],\"inLanguage\":\"en-US\"}]}<\/script>\n<!-- \/ Yoast SEO plugin. -->","yoast_head_json":{"title":"Research - Kommunikationsraum","robots":{"index":"index","follow":"follow","max-snippet":"max-snippet:-1","max-image-preview":"max-image-preview:large","max-video-preview":"max-video-preview:-1"},"canonical":"https:\/\/www.kommunikationsraum.at\/en\/ideal-world\/research\/","og_locale":"en_US","og_type":"article","og_title":"Research - Kommunikationsraum","og_description":"Research Standing on the shoulders of Giants. Analysen, Forschung, Insights und Empirie unterst\u00fctzen dabei mit den rasanten Fortschritten in unseren Fachgebieten Schritt zu halten und unsere eigenen Ans\u00e4tze und Zug\u00e4nge immer wieder zu reflektieren, neu zu entdecken oder auch zu best\u00e4tigen. Leadership in the Age of Technologically Assisted Decision Making K\u00fcnstliche Intelligenz ver\u00e4ndert unsere Arbeitswelt [&hellip;]","og_url":"https:\/\/www.kommunikationsraum.at\/en\/ideal-world\/research\/","og_site_name":"Kommunikationsraum","article_publisher":"https:\/\/www.facebook.com\/kommunikationsraumwien\/","article_modified_time":"2022-06-27T13:15:17+00:00","og_image":[{"url":"https:\/\/www.kommunikationsraum.at\/wp-content\/uploads\/2021\/02\/ideal-world-500-x375.png","type":"","width":"","height":""}],"twitter_card":"summary_large_image","twitter_site":"@kr_hinterland","schema":{"@context":"https:\/\/schema.org","@graph":[{"@type":"WebPage","@id":"https:\/\/www.kommunikationsraum.at\/en\/ideal-world\/research\/","url":"https:\/\/www.kommunikationsraum.at\/en\/ideal-world\/research\/","name":"Research - Kommunikationsraum","isPartOf":{"@id":"https:\/\/www.kommunikationsraum.at\/en\/#website"},"primaryImageOfPage":{"@id":"https:\/\/www.kommunikationsraum.at\/en\/ideal-world\/research\/#primaryimage"},"image":{"@id":"https:\/\/www.kommunikationsraum.at\/en\/ideal-world\/research\/#primaryimage"},"thumbnailUrl":"https:\/\/www.kommunikationsraum.at\/wp-content\/uploads\/2021\/02\/ideal-world-500-x375.png","datePublished":"2020-10-19T12:44:36+00:00","dateModified":"2022-06-27T13:15:17+00:00","breadcrumb":{"@id":"https:\/\/www.kommunikationsraum.at\/en\/ideal-world\/research\/#breadcrumb"},"inLanguage":"en-US","potentialAction":[{"@type":"ReadAction","target":["https:\/\/www.kommunikationsraum.at\/en\/ideal-world\/research\/"]}]},{"@type":"ImageObject","inLanguage":"en-US","@id":"https:\/\/www.kommunikationsraum.at\/en\/ideal-world\/research\/#primaryimage","url":"https:\/\/www.kommunikationsraum.at\/wp-content\/uploads\/2021\/02\/ideal-world-500-x375.png","contentUrl":"https:\/\/www.kommunikationsraum.at\/wp-content\/uploads\/2021\/02\/ideal-world-500-x375.png"},{"@type":"BreadcrumbList","@id":"https:\/\/www.kommunikationsraum.at\/en\/ideal-world\/research\/#breadcrumb","itemListElement":[{"@type":"ListItem","position":1,"name":"Start","item":"https:\/\/www.kommunikationsraum.at\/en\/"},{"@type":"ListItem","position":2,"name":"Our Thinking","item":"https:\/\/www.kommunikationsraum.at\/en\/ideal-world\/"},{"@type":"ListItem","position":3,"name":"Research"}]},{"@type":"WebSite","@id":"https:\/\/www.kommunikationsraum.at\/en\/#website","url":"https:\/\/www.kommunikationsraum.at\/en\/","name":"Kommunikationsraum","description":"Kommunikation neu denken","potentialAction":[{"@type":"SearchAction","target":{"@type":"EntryPoint","urlTemplate":"https:\/\/www.kommunikationsraum.at\/en\/?s={search_term_string}"},"query-input":{"@type":"PropertyValueSpecification","valueRequired":true,"valueName":"search_term_string"}}],"inLanguage":"en-US"}]}},"_links":{"self":[{"href":"https:\/\/www.kommunikationsraum.at\/en\/wp-json\/wp\/v2\/pages\/671","targetHints":{"allow":["GET"]}}],"collection":[{"href":"https:\/\/www.kommunikationsraum.at\/en\/wp-json\/wp\/v2\/pages"}],"about":[{"href":"https:\/\/www.kommunikationsraum.at\/en\/wp-json\/wp\/v2\/types\/page"}],"author":[{"embeddable":true,"href":"https:\/\/www.kommunikationsraum.at\/en\/wp-json\/wp\/v2\/users\/1"}],"replies":[{"embeddable":true,"href":"https:\/\/www.kommunikationsraum.at\/en\/wp-json\/wp\/v2\/comments?post=671"}],"version-history":[{"count":22,"href":"https:\/\/www.kommunikationsraum.at\/en\/wp-json\/wp\/v2\/pages\/671\/revisions"}],"predecessor-version":[{"id":7513,"href":"https:\/\/www.kommunikationsraum.at\/en\/wp-json\/wp\/v2\/pages\/671\/revisions\/7513"}],"up":[{"embeddable":true,"href":"https:\/\/www.kommunikationsraum.at\/en\/wp-json\/wp\/v2\/pages\/135"}],"wp:attachment":[{"href":"https:\/\/www.kommunikationsraum.at\/en\/wp-json\/wp\/v2\/media?parent=671"}],"curies":[{"name":"wp","href":"https:\/\/api.w.org\/{rel}","templated":true}]}}