{"id":8367,"date":"2023-01-16T18:10:25","date_gmt":"2023-01-16T17:10:25","guid":{"rendered":"https:\/\/www.kommunikationsraum.at\/real-world\/now-and-then\/"},"modified":"2026-04-11T22:06:14","modified_gmt":"2026-04-11T20:06:14","slug":"now-and-next","status":"publish","type":"page","link":"https:\/\/www.kommunikationsraum.at\/en\/real-world\/now-and-next\/","title":{"rendered":"NOW and NEXT"},"content":{"rendered":"\t\t<div data-elementor-type=\"wp-page\" data-elementor-id=\"8367\" class=\"elementor elementor-8367 elementor-8221\">\n\t\t\t\t\t\t<div class=\"elementor-inner\">\n\t\t\t\t<div class=\"elementor-section-wrap\">\n\t\t\t\t\t\t\t\t\t<section class=\"elementor-section elementor-top-section elementor-element elementor-element-9c0e4bd elementor-section-full_width elementor-section-height-default elementor-section-height-default\" data-id=\"9c0e4bd\" data-element_type=\"section\" data-settings=\"{&quot;background_background&quot;:&quot;classic&quot;}\">\n\t\t\t\t\t\t<div class=\"elementor-container elementor-column-gap-no\">\n\t\t\t\t\t\t\t<div class=\"elementor-row\">\n\t\t\t\t\t<aside class=\"elementor-column elementor-col-33 elementor-top-column elementor-element elementor-element-5debaac\" data-id=\"5debaac\" data-element_type=\"column\">\n\t\t\t<div class=\"elementor-column-wrap elementor-element-populated\">\n\t\t\t\t\t\t\t<div class=\"elementor-widget-wrap\">\n\t\t\t\t\t\t<div class=\"elementor-element elementor-element-e519aa2 elementor-widget elementor-widget-image\" data-id=\"e519aa2\" data-element_type=\"widget\" data-widget_type=\"image.default\">\n\t\t\t\t<div class=\"elementor-widget-container\">\n\t\t\t\t\t\t\t\t<div class=\"elementor-image\">\n\t\t\t\t\t\t\t\t\t\t\t\t<img loading=\"lazy\" decoding=\"async\" width=\"800\" height=\"600\" src=\"https:\/\/www.kommunikationsraum.at\/wp-content\/uploads\/2024\/10\/NOWandNEXT_2_800x600.png\" class=\"attachment-full size-full wp-image-10303\" alt=\"\" srcset=\"https:\/\/www.kommunikationsraum.at\/wp-content\/uploads\/2024\/10\/NOWandNEXT_2_800x600.png 800w, https:\/\/www.kommunikationsraum.at\/wp-content\/uploads\/2024\/10\/NOWandNEXT_2_800x600-300x225.png 300w, https:\/\/www.kommunikationsraum.at\/wp-content\/uploads\/2024\/10\/NOWandNEXT_2_800x600-768x576.png 768w\" sizes=\"auto, (max-width: 800px) 100vw, 800px\" \/>\t\t\t\t\t\t\t\t\t\t\t\t\t\t<\/div>\n\t\t\t\t\t\t<\/div>\n\t\t\t\t<\/div>\n\t\t\t\t\t\t<\/div>\n\t\t\t\t\t<\/div>\n\t\t<\/aside>\n\t\t\t\t<article class=\"elementor-column elementor-col-33 elementor-top-column elementor-element elementor-element-4ac0100\" data-id=\"4ac0100\" data-element_type=\"column\">\n\t\t\t<div class=\"elementor-column-wrap elementor-element-populated\">\n\t\t\t\t\t\t\t<div class=\"elementor-widget-wrap\">\n\t\t\t\t\t\t<div class=\"elementor-element elementor-element-16033d7 subpage elementor-widget elementor-widget-text-editor\" data-id=\"16033d7\" data-element_type=\"widget\" data-widget_type=\"text-editor.default\">\n\t\t\t\t<div class=\"elementor-widget-container\">\n\t\t\t\t\t\t\t\t<div class=\"elementor-text-editor elementor-clearfix\">\n\t\t\t\t\t\t\t\t\t<\/div>\n\t\t\t\t\t\t<\/div>\n\t\t\t\t<\/div>\n\t\t\t\t<div class=\"elementor-element elementor-element-72dce65 no-hl-mb elementor-widget elementor-widget-text-editor\" data-id=\"72dce65\" data-element_type=\"widget\" data-widget_type=\"text-editor.default\">\n\t\t\t\t<div class=\"elementor-widget-container\">\n\t\t\t\t\t\t\t\t<div class=\"elementor-text-editor elementor-clearfix\">\n\t\t\t\t\t\t\t\t\t<\/div>\n\t\t\t\t\t\t<\/div>\n\t\t\t\t<\/div>\n\t\t\t\t\t\t<\/div>\n\t\t\t\t\t<\/div>\n\t\t<\/article>\n\t\t\t\t<aside class=\"elementor-column elementor-col-33 elementor-top-column elementor-element elementor-element-1aaf195\" data-id=\"1aaf195\" data-element_type=\"column\">\n\t\t\t<div class=\"elementor-column-wrap\">\n\t\t\t\t\t\t\t<div class=\"elementor-widget-wrap\">\n\t\t\t\t\t\t\t\t<\/div>\n\t\t\t\t\t<\/div>\n\t\t<\/aside>\n\t\t\t\t\t\t\t\t<\/div>\n\t\t\t\t\t<\/div>\n\t\t<\/section>\n\t\t\t\t<section class=\"elementor-section elementor-top-section elementor-element elementor-element-281f4e6 elementor-section-full_width elementor-section-height-default elementor-section-height-default\" data-id=\"281f4e6\" data-element_type=\"section\" data-settings=\"{&quot;background_background&quot;:&quot;classic&quot;}\">\n\t\t\t\t\t\t<div class=\"elementor-container elementor-column-gap-no\">\n\t\t\t\t\t\t\t<div class=\"elementor-row\">\n\t\t\t\t\t<aside class=\"elementor-column elementor-col-33 elementor-top-column elementor-element elementor-element-e8cc037\" data-id=\"e8cc037\" data-element_type=\"column\">\n\t\t\t<div class=\"elementor-column-wrap elementor-element-populated\">\n\t\t\t\t\t\t\t<div class=\"elementor-widget-wrap\">\n\t\t\t\t\t\t<div class=\"elementor-element elementor-element-8550585 elementor-hidden-mobile elementor-widget elementor-widget-image\" data-id=\"8550585\" data-element_type=\"widget\" data-widget_type=\"image.default\">\n\t\t\t\t<div class=\"elementor-widget-container\">\n\t\t\t\t\t\t\t\t<div class=\"elementor-image\">\n\t\t\t\t\t\t\t\t\t\t\t\t<img loading=\"lazy\" decoding=\"async\" width=\"553\" height=\"507\" src=\"https:\/\/www.kommunikationsraum.at\/wp-content\/uploads\/2024\/10\/NOWandNEXT_zitat_ganz.png\" class=\"attachment-full size-full wp-image-10301\" alt=\"\" srcset=\"https:\/\/www.kommunikationsraum.at\/wp-content\/uploads\/2024\/10\/NOWandNEXT_zitat_ganz.png 553w, https:\/\/www.kommunikationsraum.at\/wp-content\/uploads\/2024\/10\/NOWandNEXT_zitat_ganz-300x275.png 300w\" sizes=\"auto, (max-width: 553px) 100vw, 553px\" \/>\t\t\t\t\t\t\t\t\t\t\t\t\t\t<\/div>\n\t\t\t\t\t\t<\/div>\n\t\t\t\t<\/div>\n\t\t\t\t\t\t<\/div>\n\t\t\t\t\t<\/div>\n\t\t<\/aside>\n\t\t\t\t<article class=\"elementor-column elementor-col-33 elementor-top-column elementor-element elementor-element-1c5bfdb\" data-id=\"1c5bfdb\" data-element_type=\"column\">\n\t\t\t<div class=\"elementor-column-wrap elementor-element-populated\">\n\t\t\t\t\t\t\t<div class=\"elementor-widget-wrap\">\n\t\t\t\t\t\t<div class=\"elementor-element elementor-element-10b175c no-hl-mb elementor-widget elementor-widget-text-editor\" data-id=\"10b175c\" data-element_type=\"widget\" data-widget_type=\"text-editor.default\">\n\t\t\t\t<div class=\"elementor-widget-container\">\n\t\t\t\t\t\t\t\t<div class=\"elementor-text-editor elementor-clearfix\">\n\t\t\t\t<p>Was brauchen Ver\u00e4nderungsmanagement, F\u00fchrung und Kommunikation in unterschiedlichen Phasen von Transformationsprozessen, damit die <strong>Anfangsenergie <\/strong>nicht verpufft? <br \/><strong>Gekonnt dranbleiben ist gefragt!<\/strong><\/p>\t\t\t\t\t<\/div>\n\t\t\t\t\t\t<\/div>\n\t\t\t\t<\/div>\n\t\t\t\t<div class=\"elementor-element elementor-element-81bb401 no-hl-mb elementor-widget elementor-widget-text-editor\" data-id=\"81bb401\" data-element_type=\"widget\" data-widget_type=\"text-editor.default\">\n\t\t\t\t<div class=\"elementor-widget-container\">\n\t\t\t\t\t\t\t\t<div class=\"elementor-text-editor elementor-clearfix\">\n\t\t\t\t<p><strong>Sie kennen das sicher: <br \/><\/strong>Ein Ver\u00e4nderungsprozess wird mit viel Energie, Budget und Aufwand aufgesetzt und im besten Fall mit hoher Zuversicht und Motivation gestartet. <strong>Nach 6 bis 12 Monaten wird es auf einmal anstrengend:<\/strong> Den einen dauert es zu lange. <br \/>F\u00fcr die anderen schwappt schon die n\u00e4chste Ver\u00e4nderung in den Alltag. <strong>Die Anfangseuphorie ist verpufft und \u2013 um es mit Reinhard Sprenger zu sagen \u2013 es besteht die Neigung sich im Kerzen optimieren zu \u00fcben.<\/strong><\/p>\t\t\t\t\t<\/div>\n\t\t\t\t\t\t<\/div>\n\t\t\t\t<\/div>\n\t\t\t\t<div class=\"elementor-element elementor-element-db72762 no-hl-mb elementor-widget elementor-widget-text-editor\" data-id=\"db72762\" data-element_type=\"widget\" data-widget_type=\"text-editor.default\">\n\t\t\t\t<div class=\"elementor-widget-container\">\n\t\t\t\t\t\t\t\t<div class=\"elementor-text-editor elementor-clearfix\">\n\t\t\t\t<ul><li>Wie gelingt es in Transformationssituationen jene <strong>produktive Energie <\/strong>zu entwickeln, die <strong>Voraussetzung f\u00fcr Bewegung in die richtige Richtung <\/strong>ist?<\/li><li>Wie schaffen F\u00fchrungskr\u00e4fte es, ihre Teams <strong>f\u00fcr nachhaltiges Wachstum zu begeistern, <\/strong>auf einzigartige Business-Opportunities neugierig zu machen und eine <strong>adaptive Organisation<\/strong> zu kreieren?<\/li><\/ul>\t\t\t\t\t<\/div>\n\t\t\t\t\t\t<\/div>\n\t\t\t\t<\/div>\n\t\t\t\t<div class=\"elementor-element elementor-element-81aad76 no-hl-mb elementor-widget elementor-widget-text-editor\" data-id=\"81aad76\" data-element_type=\"widget\" data-widget_type=\"text-editor.default\">\n\t\t\t\t<div class=\"elementor-widget-container\">\n\t\t\t\t\t\t\t\t<div class=\"elementor-text-editor elementor-clearfix\">\n\t\t\t\t<p><strong>Genau hier setzen wir an:<\/strong><\/p><p>Transformationsarbeit, F\u00fchrung und Kommunikation \u2013 dazu wollen wir Ihnen in einer dynamischen Session Impulse geben und unsere Erfahrungen und aktuelle Empirie mit Ihnen teilen. Gleichzeitig profitieren Sie auch von einem spannenden Austausch mit anderen Teilnehmer:innen, gemeinsam mit <strong>Bettina Pepek<\/strong> und<strong> Susanna Achleitner, <a href=\"https:\/\/www.trainconsulting.eu\/allgemein\/from-now-to-next\/\" target=\"_blank\" rel=\"noopener\">Trainconsulting<\/a><\/strong>.<\/p>\t\t\t\t\t<\/div>\n\t\t\t\t\t\t<\/div>\n\t\t\t\t<\/div>\n\t\t\t\t<div class=\"elementor-element elementor-element-2ac39a5 no-hl-mb elementor-widget elementor-widget-text-editor\" data-id=\"2ac39a5\" data-element_type=\"widget\" data-widget_type=\"text-editor.default\">\n\t\t\t\t<div class=\"elementor-widget-container\">\n\t\t\t\t\t\t\t\t<div class=\"elementor-text-editor elementor-clearfix\">\n\t\t\t\t<p>Alle, die mit uns bereits in <strong>Now<\/strong><strong>\u2009<\/strong><strong>and<\/strong><strong>\u2009<\/strong><strong>Then<\/strong> gearbeitet und diskutiert haben, sind nat\u00fcrlich wieder herzlich eingeladen.<\/p>\t\t\t\t\t<\/div>\n\t\t\t\t\t\t<\/div>\n\t\t\t\t<\/div>\n\t\t\t\t<div class=\"elementor-element elementor-element-9d30727 no-hl-mb elementor-widget elementor-widget-text-editor\" data-id=\"9d30727\" data-element_type=\"widget\" data-widget_type=\"text-editor.default\">\n\t\t\t\t<div class=\"elementor-widget-container\">\n\t\t\t\t\t\t\t\t<div class=\"elementor-text-editor elementor-clearfix\">\n\t\t\t\t<h3><strong>Wir freuen uns auf Sie!<\/strong><\/h3>\t\t\t\t\t<\/div>\n\t\t\t\t\t\t<\/div>\n\t\t\t\t<\/div>\n\t\t\t\t<div class=\"elementor-element elementor-element-4ce0a31 no-hl-mb elementor-widget elementor-widget-text-editor\" data-id=\"4ce0a31\" data-element_type=\"widget\" data-widget_type=\"text-editor.default\">\n\t\t\t\t<div class=\"elementor-widget-container\">\n\t\t\t\t\t\t\t\t<div class=\"elementor-text-editor elementor-clearfix\">\n\t\t\t\t<p><strong>ANMELDUNGEN BITTE AN<\/strong>:\u00a0<a href=\"mailto:office@kommunikationsraum.at\" target=\"_blank\" rel=\"noopener\">office@kommunikationsraum.at<\/a><\/p>\t\t\t\t\t<\/div>\n\t\t\t\t\t\t<\/div>\n\t\t\t\t<\/div>\n\t\t\t\t\t\t<\/div>\n\t\t\t\t\t<\/div>\n\t\t<\/article>\n\t\t\t\t<aside class=\"elementor-column elementor-col-33 elementor-top-column elementor-element elementor-element-18c7f22 elementor-hidden-phone\" data-id=\"18c7f22\" data-element_type=\"column\">\n\t\t\t<div class=\"elementor-column-wrap elementor-element-populated\">\n\t\t\t\t\t\t\t<div class=\"elementor-widget-wrap\">\n\t\t\t\t\t\t<div class=\"elementor-element elementor-element-ee2b8b8 elementor-hidden-mobile elementor-widget elementor-widget-text-editor\" data-id=\"ee2b8b8\" data-element_type=\"widget\" data-widget_type=\"text-editor.default\">\n\t\t\t\t<div class=\"elementor-widget-container\">\n\t\t\t\t\t\t\t\t<div class=\"elementor-text-editor elementor-clearfix\">\n\t\t\t\t<p><strong>7. November 2024, <\/strong>9 Uhr, Wien<br \/><strong>6. Februar 2025, <\/strong>17 Uhr, Linz<\/p>\t\t\t\t\t<\/div>\n\t\t\t\t\t\t<\/div>\n\t\t\t\t<\/div>\n\t\t\t\t<div class=\"elementor-element elementor-element-64d3677 elementor-hidden-mobile elementor-widget elementor-widget-image\" data-id=\"64d3677\" data-element_type=\"widget\" data-widget_type=\"image.default\">\n\t\t\t\t<div class=\"elementor-widget-container\">\n\t\t\t\t\t\t\t\t<div class=\"elementor-image\">\n\t\t\t\t\t\t\t\t\t\t\t\t\t<a href=\"mailto:office@kommunikationsraum.at\" target=\"_blank\">\n\t\t\t\t\t\t\t<img loading=\"lazy\" decoding=\"async\" width=\"200\" height=\"200\" src=\"https:\/\/www.kommunikationsraum.at\/wp-content\/uploads\/2023\/01\/23_01_16-anmelden-transparent.png\" class=\"attachment-full size-full wp-image-8202\" alt=\"\" srcset=\"https:\/\/www.kommunikationsraum.at\/wp-content\/uploads\/2023\/01\/23_01_16-anmelden-transparent.png 200w, https:\/\/www.kommunikationsraum.at\/wp-content\/uploads\/2023\/01\/23_01_16-anmelden-transparent-150x150.png 150w\" sizes=\"auto, (max-width: 200px) 100vw, 200px\" \/>\t\t\t\t\t\t\t\t<\/a>\n\t\t\t\t\t\t\t\t\t\t\t\t\t\t<\/div>\n\t\t\t\t\t\t<\/div>\n\t\t\t\t<\/div>\n\t\t\t\t\t\t<\/div>\n\t\t\t\t\t<\/div>\n\t\t<\/aside>\n\t\t\t\t\t\t\t\t<\/div>\n\t\t\t\t\t<\/div>\n\t\t<\/section>\n\t\t\t\t\t\t\t\t\t<\/div>\n\t\t\t<\/div>\n\t\t\t\t\t<\/div>\n\t\t","protected":false},"excerpt":{"rendered":"<p>Was brauchen Ver\u00e4nderungsmanagement, F\u00fchrung und Kommunikation in unterschiedlichen Phasen von Transformationsprozessen, damit die Anfangsenergie nicht verpufft? Gekonnt dranbleiben ist gefragt! Sie kennen das sicher: Ein Ver\u00e4nderungsprozess wird mit viel Energie, Budget und Aufwand aufgesetzt und im besten Fall mit hoher Zuversicht und Motivation gestartet. Nach 6 bis 12 Monaten wird es auf einmal anstrengend: Den [&hellip;]<\/p>\n","protected":false},"author":2,"featured_media":0,"parent":118,"menu_order":0,"comment_status":"closed","ping_status":"closed","template":"","meta":{"footnotes":""},"class_list":["post-8367","page","type-page","status-publish","hentry"],"yoast_head":"<!-- This site is optimized with the Yoast SEO plugin v27.2 - https:\/\/yoast.com\/product\/yoast-seo-wordpress\/ -->\n<title>NOW and THEN | KOMMUNIKATIONSRAUM<\/title>\n<meta name=\"robots\" content=\"index, follow, max-snippet:-1, max-image-preview:large, max-video-preview:-1\" \/>\n<link rel=\"canonical\" href=\"https:\/\/www.kommunikationsraum.at\/en\/real-world\/now-and-next\/\" \/>\n<meta property=\"og:locale\" content=\"en_US\" \/>\n<meta property=\"og:type\" content=\"article\" \/>\n<meta property=\"og:title\" content=\"NOW and THEN | KOMMUNIKATIONSRAUM\" \/>\n<meta property=\"og:description\" content=\"Was brauchen Ver\u00e4nderungsmanagement, F\u00fchrung und Kommunikation in unterschiedlichen Phasen von Transformationsprozessen, damit die Anfangsenergie nicht verpufft? Gekonnt dranbleiben ist gefragt! Sie kennen das sicher: Ein Ver\u00e4nderungsprozess wird mit viel Energie, Budget und Aufwand aufgesetzt und im besten Fall mit hoher Zuversicht und Motivation gestartet. Nach 6 bis 12 Monaten wird es auf einmal anstrengend: Den [&hellip;]\" \/>\n<meta property=\"og:url\" content=\"https:\/\/www.kommunikationsraum.at\/en\/real-world\/now-and-next\/\" \/>\n<meta property=\"og:site_name\" content=\"Kommunikationsraum\" \/>\n<meta property=\"article:publisher\" content=\"https:\/\/www.facebook.com\/kommunikationsraumwien\/\" \/>\n<meta property=\"article:modified_time\" content=\"2026-04-11T20:06:14+00:00\" \/>\n<meta property=\"og:image\" content=\"https:\/\/www.kommunikationsraum.at\/wp-content\/uploads\/2024\/10\/NOWandNEXT_2_800x600.png\" \/>\n\t<meta property=\"og:image:width\" content=\"800\" \/>\n\t<meta property=\"og:image:height\" content=\"600\" \/>\n\t<meta property=\"og:image:type\" content=\"image\/png\" \/>\n<meta name=\"twitter:card\" content=\"summary_large_image\" \/>\n<meta name=\"twitter:site\" content=\"@kr_hinterland\" \/>\n<script type=\"application\/ld+json\" class=\"yoast-schema-graph\">{\"@context\":\"https:\/\/schema.org\",\"@graph\":[{\"@type\":\"WebPage\",\"@id\":\"https:\/\/www.kommunikationsraum.at\/en\/real-world\/now-and-next\/\",\"url\":\"https:\/\/www.kommunikationsraum.at\/en\/real-world\/now-and-next\/\",\"name\":\"NOW and THEN | KOMMUNIKATIONSRAUM\",\"isPartOf\":{\"@id\":\"https:\/\/www.kommunikationsraum.at\/en\/#website\"},\"primaryImageOfPage\":{\"@id\":\"https:\/\/www.kommunikationsraum.at\/en\/real-world\/now-and-next\/#primaryimage\"},\"image\":{\"@id\":\"https:\/\/www.kommunikationsraum.at\/en\/real-world\/now-and-next\/#primaryimage\"},\"thumbnailUrl\":\"https:\/\/www.kommunikationsraum.at\/wp-content\/uploads\/2024\/10\/NOWandNEXT_2_800x600.png\",\"datePublished\":\"2023-01-16T17:10:25+00:00\",\"dateModified\":\"2026-04-11T20:06:14+00:00\",\"breadcrumb\":{\"@id\":\"https:\/\/www.kommunikationsraum.at\/en\/real-world\/now-and-next\/#breadcrumb\"},\"inLanguage\":\"en-US\",\"potentialAction\":[{\"@type\":\"ReadAction\",\"target\":[\"https:\/\/www.kommunikationsraum.at\/en\/real-world\/now-and-next\/\"]}]},{\"@type\":\"ImageObject\",\"inLanguage\":\"en-US\",\"@id\":\"https:\/\/www.kommunikationsraum.at\/en\/real-world\/now-and-next\/#primaryimage\",\"url\":\"https:\/\/www.kommunikationsraum.at\/wp-content\/uploads\/2024\/10\/NOWandNEXT_2_800x600.png\",\"contentUrl\":\"https:\/\/www.kommunikationsraum.at\/wp-content\/uploads\/2024\/10\/NOWandNEXT_2_800x600.png\"},{\"@type\":\"BreadcrumbList\",\"@id\":\"https:\/\/www.kommunikationsraum.at\/en\/real-world\/now-and-next\/#breadcrumb\",\"itemListElement\":[{\"@type\":\"ListItem\",\"position\":1,\"name\":\"Start\",\"item\":\"https:\/\/www.kommunikationsraum.at\/en\/\"},{\"@type\":\"ListItem\",\"position\":2,\"name\":\"Work\",\"item\":\"https:\/\/www.kommunikationsraum.at\/en\/real-world\/\"},{\"@type\":\"ListItem\",\"position\":3,\"name\":\"NOW and NEXT\"}]},{\"@type\":\"WebSite\",\"@id\":\"https:\/\/www.kommunikationsraum.at\/en\/#website\",\"url\":\"https:\/\/www.kommunikationsraum.at\/en\/\",\"name\":\"Kommunikationsraum\",\"description\":\"Kommunikation neu denken\",\"potentialAction\":[{\"@type\":\"SearchAction\",\"target\":{\"@type\":\"EntryPoint\",\"urlTemplate\":\"https:\/\/www.kommunikationsraum.at\/en\/?s={search_term_string}\"},\"query-input\":{\"@type\":\"PropertyValueSpecification\",\"valueRequired\":true,\"valueName\":\"search_term_string\"}}],\"inLanguage\":\"en-US\"}]}<\/script>\n<!-- \/ Yoast SEO plugin. -->","yoast_head_json":{"title":"NOW and THEN | KOMMUNIKATIONSRAUM","robots":{"index":"index","follow":"follow","max-snippet":"max-snippet:-1","max-image-preview":"max-image-preview:large","max-video-preview":"max-video-preview:-1"},"canonical":"https:\/\/www.kommunikationsraum.at\/en\/real-world\/now-and-next\/","og_locale":"en_US","og_type":"article","og_title":"NOW and THEN | KOMMUNIKATIONSRAUM","og_description":"Was brauchen Ver\u00e4nderungsmanagement, F\u00fchrung und Kommunikation in unterschiedlichen Phasen von Transformationsprozessen, damit die Anfangsenergie nicht verpufft? Gekonnt dranbleiben ist gefragt! Sie kennen das sicher: Ein Ver\u00e4nderungsprozess wird mit viel Energie, Budget und Aufwand aufgesetzt und im besten Fall mit hoher Zuversicht und Motivation gestartet. Nach 6 bis 12 Monaten wird es auf einmal anstrengend: Den [&hellip;]","og_url":"https:\/\/www.kommunikationsraum.at\/en\/real-world\/now-and-next\/","og_site_name":"Kommunikationsraum","article_publisher":"https:\/\/www.facebook.com\/kommunikationsraumwien\/","article_modified_time":"2026-04-11T20:06:14+00:00","og_image":[{"width":800,"height":600,"url":"https:\/\/www.kommunikationsraum.at\/wp-content\/uploads\/2024\/10\/NOWandNEXT_2_800x600.png","type":"image\/png"}],"twitter_card":"summary_large_image","twitter_site":"@kr_hinterland","schema":{"@context":"https:\/\/schema.org","@graph":[{"@type":"WebPage","@id":"https:\/\/www.kommunikationsraum.at\/en\/real-world\/now-and-next\/","url":"https:\/\/www.kommunikationsraum.at\/en\/real-world\/now-and-next\/","name":"NOW and THEN | KOMMUNIKATIONSRAUM","isPartOf":{"@id":"https:\/\/www.kommunikationsraum.at\/en\/#website"},"primaryImageOfPage":{"@id":"https:\/\/www.kommunikationsraum.at\/en\/real-world\/now-and-next\/#primaryimage"},"image":{"@id":"https:\/\/www.kommunikationsraum.at\/en\/real-world\/now-and-next\/#primaryimage"},"thumbnailUrl":"https:\/\/www.kommunikationsraum.at\/wp-content\/uploads\/2024\/10\/NOWandNEXT_2_800x600.png","datePublished":"2023-01-16T17:10:25+00:00","dateModified":"2026-04-11T20:06:14+00:00","breadcrumb":{"@id":"https:\/\/www.kommunikationsraum.at\/en\/real-world\/now-and-next\/#breadcrumb"},"inLanguage":"en-US","potentialAction":[{"@type":"ReadAction","target":["https:\/\/www.kommunikationsraum.at\/en\/real-world\/now-and-next\/"]}]},{"@type":"ImageObject","inLanguage":"en-US","@id":"https:\/\/www.kommunikationsraum.at\/en\/real-world\/now-and-next\/#primaryimage","url":"https:\/\/www.kommunikationsraum.at\/wp-content\/uploads\/2024\/10\/NOWandNEXT_2_800x600.png","contentUrl":"https:\/\/www.kommunikationsraum.at\/wp-content\/uploads\/2024\/10\/NOWandNEXT_2_800x600.png"},{"@type":"BreadcrumbList","@id":"https:\/\/www.kommunikationsraum.at\/en\/real-world\/now-and-next\/#breadcrumb","itemListElement":[{"@type":"ListItem","position":1,"name":"Start","item":"https:\/\/www.kommunikationsraum.at\/en\/"},{"@type":"ListItem","position":2,"name":"Work","item":"https:\/\/www.kommunikationsraum.at\/en\/real-world\/"},{"@type":"ListItem","position":3,"name":"NOW and NEXT"}]},{"@type":"WebSite","@id":"https:\/\/www.kommunikationsraum.at\/en\/#website","url":"https:\/\/www.kommunikationsraum.at\/en\/","name":"Kommunikationsraum","description":"Kommunikation neu denken","potentialAction":[{"@type":"SearchAction","target":{"@type":"EntryPoint","urlTemplate":"https:\/\/www.kommunikationsraum.at\/en\/?s={search_term_string}"},"query-input":{"@type":"PropertyValueSpecification","valueRequired":true,"valueName":"search_term_string"}}],"inLanguage":"en-US"}]}},"_links":{"self":[{"href":"https:\/\/www.kommunikationsraum.at\/en\/wp-json\/wp\/v2\/pages\/8367","targetHints":{"allow":["GET"]}}],"collection":[{"href":"https:\/\/www.kommunikationsraum.at\/en\/wp-json\/wp\/v2\/pages"}],"about":[{"href":"https:\/\/www.kommunikationsraum.at\/en\/wp-json\/wp\/v2\/types\/page"}],"author":[{"embeddable":true,"href":"https:\/\/www.kommunikationsraum.at\/en\/wp-json\/wp\/v2\/users\/2"}],"replies":[{"embeddable":true,"href":"https:\/\/www.kommunikationsraum.at\/en\/wp-json\/wp\/v2\/comments?post=8367"}],"version-history":[{"count":57,"href":"https:\/\/www.kommunikationsraum.at\/en\/wp-json\/wp\/v2\/pages\/8367\/revisions"}],"predecessor-version":[{"id":11197,"href":"https:\/\/www.kommunikationsraum.at\/en\/wp-json\/wp\/v2\/pages\/8367\/revisions\/11197"}],"up":[{"embeddable":true,"href":"https:\/\/www.kommunikationsraum.at\/en\/wp-json\/wp\/v2\/pages\/118"}],"wp:attachment":[{"href":"https:\/\/www.kommunikationsraum.at\/en\/wp-json\/wp\/v2\/media?parent=8367"}],"curies":[{"name":"wp","href":"https:\/\/api.w.org\/{rel}","templated":true}]}}